{"id":1100,"date":"2023-08-01T15:07:23","date_gmt":"2023-08-01T15:07:23","guid":{"rendered":"https:\/\/maisonmatilda.com\/la-lettera-del-viaggiatore\/"},"modified":"2023-09-25T09:49:19","modified_gmt":"2023-09-25T09:49:19","slug":"carta-al-viajero","status":"publish","type":"page","link":"https:\/\/maisonmatilda.com\/es\/carta-al-viajero\/","title":{"rendered":"La carta al viajero"},"content":{"rendered":"<h4>Apreciado amigo\/a:<\/h4>\n<p>Bienvenido a nuestro\u00a0peque\u00f1o universo paralelo: est\u00e1s a punto de entrar en el pasaje que separa Maison Matilda del mundo real, a trav\u00e9s de una \u00a0puerta r\u00fastica y discreta\u00a0\u00a0que te espera bajo las arcadas del centro de Treviso.<\/p>\n<p>Llegar\u00e1s al\u00a0Duomo en menos de cinco minutos\u00a0de paseo entre casas antiguas y palacios suntuosamente ubicados entre un pasado glorioso y un presente silencioso.<\/p>\n<p>Y es precisamente el silencio quien da la bienvenida a nuestros hu\u00e9spedes: la puerta verde se abre con un crujido seco para dar acceso a un pasaje que, como si de un puente se tratara, parece unir dos realidades;\u00a0MMaison Matilda aparece paso a paso, envolviendo al hu\u00e9sped con aromas y de detalles que son como un viaje a trav\u00e9s del tiempo y el espacio.<\/p>\n<p>Es aqu\u00ed donde\u00a0el pasado se encuentra con el futuro, en una dimensi\u00f3n suspendida entre el viaje y la memoria, en que los ambientes estrictamente europeos se abandonan a los placeres ex\u00f3ticos en un mosaico de recuerdos de viaje, mobiliario industrial y muebles de \u00e9poca.<\/p>\n<p>La luz es la protagonista\u00a0cuando est\u00e1 presente y cuando no lo est\u00e1.<\/p>\n<p>El resplandor de las l\u00e1mparas restauradas gu\u00eda la vista y el paso hacia los espacios compartidos: la gran sala de estar con su escalera original y la chimenea dominada por el pararrayos en forma de pavo real dorado, los sof\u00e1s que se debaten entre la modernidad y el clasicismo, los revestimientos de madera que recorren todas las paredes ocultando a primera vista la ubicaci\u00f3n de las puertas de las habitaciones. A continuaci\u00f3n, tenemos la sala para el desayuno, con sus peque\u00f1os \u00f3valos de m\u00e1rmol negro, la preciosa mesa francesa y las piezas de arte moderno elegidas con un esmero que roza la perfecci\u00f3n.<\/p>\n<p>Todo en Maison Matilda te habla\u00a0y te relata viajes lejanos, lugares de la mente, emociones atrapadas entre estos cuatro muros de Treviso que encierran el secreto del buen vivir.<\/p>\n<p>Las s\u00e1banas son de lino y est\u00e1n hechas a medida para las diversas camas. La ropa de ba\u00f1o es un peque\u00f1o cameo de Martin Margiela, y las esencias a disposici\u00f3n de los hu\u00e9spedes transportan consigo la calidez y el aroma de Ortigia, el refinado coraz\u00f3n de Sicilia.<\/p>\n<p>Pero el gran protagonista eres t\u00fa, querido\/a cliente, a la vez hu\u00e9sped y casero:ponemos un infinito cuidado en brindarte un servicio impecable, con una cortes\u00eda familiar pero rigurosa. Nuestras porcelanas, muy sencillas en su elegancia, esperan la hora del t\u00e9 o del desayuno, preparados seg\u00fan los deseos y necesidades con un cuidado casi materno: \u00abmi principal inter\u00e9s no es la excelencia de la belleza del mobiliario, sino que los invitados me digan que han dormido bien\u00bb. Es la bienvenida de Viviana Fernandez, propietaria de Maison Matilda, una criatura a la que cuida como a una hija deseada y amada..<\/p>\n","protected":false},"excerpt":{"rendered":"<p>Apreciado amigo\/a: Bienvenido a nuestro\u00a0peque\u00f1o universo paralelo: est\u00e1s a punto de entrar en el pasaje que separa Maison Matilda del mundo real, a trav\u00e9s de una \u00a0puerta r\u00fastica y discreta\u00a0\u00a0que te espera bajo las arcadas del centro de Treviso. Llegar\u00e1s al\u00a0Duomo en menos de cinco minutos\u00a0de paseo entre casas antiguas y palacios suntuosamente ubicados entre [&hellip;]<\/p>\n","protected":false},"author":3,"featured_media":784,"parent":0,"menu_order":4,"comment_status":"closed","ping_status":"closed","template":"","meta":{"footnotes":""},"class_list":["post-1100","page","type-page","status-publish","has-post-thumbnail","hentry"],"acf":[],"yoast_head":"<!-- This site is optimized with the Yoast SEO plugin v21.3 - https:\/\/yoast.com\/wordpress\/plugins\/seo\/ -->\n<title>La carta al viajero - Maison Matilda<\/title>\n<meta name=\"robots\" content=\"index, follow, max-snippet:-1, max-image-preview:large, max-video-preview:-1\" \/>\n<link rel=\"canonical\" href=\"https:\/\/maisonmatilda.com\/la-lettera-del-viaggiatore\/\" \/>\n<meta property=\"og:locale\" content=\"es_ES\" \/>\n<meta property=\"og:type\" content=\"article\" \/>\n<meta property=\"og:title\" content=\"La carta al viajero - Maison Matilda\" \/>\n<meta property=\"og:description\" content=\"Apreciado amigo\/a: Bienvenido a nuestro\u00a0peque\u00f1o universo paralelo: est\u00e1s a punto de entrar en el pasaje que separa Maison Matilda del mundo real, a trav\u00e9s de una \u00a0puerta r\u00fastica y discreta\u00a0\u00a0que te espera bajo las arcadas del centro de Treviso. Llegar\u00e1s al\u00a0Duomo en menos de cinco minutos\u00a0de paseo entre casas antiguas y palacios suntuosamente ubicados entre [&hellip;]\" \/>\n<meta property=\"og:url\" content=\"https:\/\/maisonmatilda.com\/la-lettera-del-viaggiatore\/\" \/>\n<meta property=\"og:site_name\" content=\"Maison Matilda\" \/>\n<meta property=\"article:modified_time\" content=\"2023-09-25T09:49:19+00:00\" \/>\n<meta property=\"og:image\" content=\"https:\/\/maisonmatilda.com\/wp-content\/uploads\/2023\/08\/terrazza.jpg\" \/>\n\t<meta property=\"og:image:width\" content=\"1920\" \/>\n\t<meta property=\"og:image:height\" content=\"1280\" \/>\n\t<meta property=\"og:image:type\" content=\"image\/jpeg\" \/>\n<meta name=\"twitter:card\" content=\"summary_large_image\" \/>\n<meta name=\"twitter:label1\" content=\"Tiempo de lectura\" \/>\n\t<meta name=\"twitter:data1\" content=\"3 minutos\" \/>\n<script type=\"application\/ld+json\" class=\"yoast-schema-graph\">{\"@context\":\"https:\/\/schema.org\",\"@graph\":[{\"@type\":\"WebPage\",\"@id\":\"https:\/\/maisonmatilda.com\/la-lettera-del-viaggiatore\/\",\"url\":\"https:\/\/maisonmatilda.com\/la-lettera-del-viaggiatore\/\",\"name\":\"La carta al viajero - Maison Matilda\",\"isPartOf\":{\"@id\":\"https:\/\/maisonmatilda.com\/#website\"},\"datePublished\":\"2023-08-01T15:07:23+00:00\",\"dateModified\":\"2023-09-25T09:49:19+00:00\",\"breadcrumb\":{\"@id\":\"https:\/\/maisonmatilda.com\/la-lettera-del-viaggiatore\/#breadcrumb\"},\"inLanguage\":\"es\",\"potentialAction\":[{\"@type\":\"ReadAction\",\"target\":[\"https:\/\/maisonmatilda.com\/la-lettera-del-viaggiatore\/\"]}]},{\"@type\":\"BreadcrumbList\",\"@id\":\"https:\/\/maisonmatilda.com\/la-lettera-del-viaggiatore\/#breadcrumb\",\"itemListElement\":[{\"@type\":\"ListItem\",\"position\":1,\"name\":\"Home\",\"item\":\"https:\/\/maisonmatilda.com\/es\/\"},{\"@type\":\"ListItem\",\"position\":2,\"name\":\"La carta al viajero\"}]},{\"@type\":\"WebSite\",\"@id\":\"https:\/\/maisonmatilda.com\/#website\",\"url\":\"https:\/\/maisonmatilda.com\/\",\"name\":\"Maison Matilda\",\"description\":\"\",\"publisher\":{\"@id\":\"https:\/\/maisonmatilda.com\/#organization\"},\"potentialAction\":[{\"@type\":\"SearchAction\",\"target\":{\"@type\":\"EntryPoint\",\"urlTemplate\":\"https:\/\/maisonmatilda.com\/?s={search_term_string}\"},\"query-input\":\"required name=search_term_string\"}],\"inLanguage\":\"es\"},{\"@type\":\"Organization\",\"@id\":\"https:\/\/maisonmatilda.com\/#organization\",\"name\":\"Maison Matilda\",\"url\":\"https:\/\/maisonmatilda.com\/\",\"logo\":{\"@type\":\"ImageObject\",\"inLanguage\":\"es\",\"@id\":\"https:\/\/maisonmatilda.com\/#\/schema\/logo\/image\/\",\"url\":\"https:\/\/maisonmatilda.com\/wp-content\/uploads\/2023\/07\/maison-matilda-fav.jpg\",\"contentUrl\":\"https:\/\/maisonmatilda.com\/wp-content\/uploads\/2023\/07\/maison-matilda-fav.jpg\",\"width\":512,\"height\":516,\"caption\":\"Maison Matilda\"},\"image\":{\"@id\":\"https:\/\/maisonmatilda.com\/#\/schema\/logo\/image\/\"}}]}<\/script>\n<!-- \/ Yoast SEO plugin. -->","yoast_head_json":{"title":"La carta al viajero - Maison Matilda","robots":{"index":"index","follow":"follow","max-snippet":"max-snippet:-1","max-image-preview":"max-image-preview:large","max-video-preview":"max-video-preview:-1"},"canonical":"https:\/\/maisonmatilda.com\/la-lettera-del-viaggiatore\/","og_locale":"es_ES","og_type":"article","og_title":"La carta al viajero - Maison Matilda","og_description":"Apreciado amigo\/a: Bienvenido a nuestro\u00a0peque\u00f1o universo paralelo: est\u00e1s a punto de entrar en el pasaje que separa Maison Matilda del mundo real, a trav\u00e9s de una \u00a0puerta r\u00fastica y discreta\u00a0\u00a0que te espera bajo las arcadas del centro de Treviso. Llegar\u00e1s al\u00a0Duomo en menos de cinco minutos\u00a0de paseo entre casas antiguas y palacios suntuosamente ubicados entre [&hellip;]","og_url":"https:\/\/maisonmatilda.com\/la-lettera-del-viaggiatore\/","og_site_name":"Maison Matilda","article_modified_time":"2023-09-25T09:49:19+00:00","og_image":[{"width":1920,"height":1280,"url":"https:\/\/maisonmatilda.com\/wp-content\/uploads\/2023\/08\/terrazza.jpg","type":"image\/jpeg"}],"twitter_card":"summary_large_image","twitter_misc":{"Tiempo de lectura":"3 minutos"},"schema":{"@context":"https:\/\/schema.org","@graph":[{"@type":"WebPage","@id":"https:\/\/maisonmatilda.com\/la-lettera-del-viaggiatore\/","url":"https:\/\/maisonmatilda.com\/la-lettera-del-viaggiatore\/","name":"La carta al viajero - Maison Matilda","isPartOf":{"@id":"https:\/\/maisonmatilda.com\/#website"},"datePublished":"2023-08-01T15:07:23+00:00","dateModified":"2023-09-25T09:49:19+00:00","breadcrumb":{"@id":"https:\/\/maisonmatilda.com\/la-lettera-del-viaggiatore\/#breadcrumb"},"inLanguage":"es","potentialAction":[{"@type":"ReadAction","target":["https:\/\/maisonmatilda.com\/la-lettera-del-viaggiatore\/"]}]},{"@type":"BreadcrumbList","@id":"https:\/\/maisonmatilda.com\/la-lettera-del-viaggiatore\/#breadcrumb","itemListElement":[{"@type":"ListItem","position":1,"name":"Home","item":"https:\/\/maisonmatilda.com\/es\/"},{"@type":"ListItem","position":2,"name":"La carta al viajero"}]},{"@type":"WebSite","@id":"https:\/\/maisonmatilda.com\/#website","url":"https:\/\/maisonmatilda.com\/","name":"Maison Matilda","description":"","publisher":{"@id":"https:\/\/maisonmatilda.com\/#organization"},"potentialAction":[{"@type":"SearchAction","target":{"@type":"EntryPoint","urlTemplate":"https:\/\/maisonmatilda.com\/?s={search_term_string}"},"query-input":"required name=search_term_string"}],"inLanguage":"es"},{"@type":"Organization","@id":"https:\/\/maisonmatilda.com\/#organization","name":"Maison Matilda","url":"https:\/\/maisonmatilda.com\/","logo":{"@type":"ImageObject","inLanguage":"es","@id":"https:\/\/maisonmatilda.com\/#\/schema\/logo\/image\/","url":"https:\/\/maisonmatilda.com\/wp-content\/uploads\/2023\/07\/maison-matilda-fav.jpg","contentUrl":"https:\/\/maisonmatilda.com\/wp-content\/uploads\/2023\/07\/maison-matilda-fav.jpg","width":512,"height":516,"caption":"Maison Matilda"},"image":{"@id":"https:\/\/maisonmatilda.com\/#\/schema\/logo\/image\/"}}]}},"_links":{"self":[{"href":"https:\/\/maisonmatilda.com\/es\/wp-json\/wp\/v2\/pages\/1100","targetHints":{"allow":["GET"]}}],"collection":[{"href":"https:\/\/maisonmatilda.com\/es\/wp-json\/wp\/v2\/pages"}],"about":[{"href":"https:\/\/maisonmatilda.com\/es\/wp-json\/wp\/v2\/types\/page"}],"author":[{"embeddable":true,"href":"https:\/\/maisonmatilda.com\/es\/wp-json\/wp\/v2\/users\/3"}],"replies":[{"embeddable":true,"href":"https:\/\/maisonmatilda.com\/es\/wp-json\/wp\/v2\/comments?post=1100"}],"version-history":[{"count":13,"href":"https:\/\/maisonmatilda.com\/es\/wp-json\/wp\/v2\/pages\/1100\/revisions"}],"predecessor-version":[{"id":1201,"href":"https:\/\/maisonmatilda.com\/es\/wp-json\/wp\/v2\/pages\/1100\/revisions\/1201"}],"wp:featuredmedia":[{"embeddable":true,"href":"https:\/\/maisonmatilda.com\/es\/wp-json\/wp\/v2\/media\/784"}],"wp:attachment":[{"href":"https:\/\/maisonmatilda.com\/es\/wp-json\/wp\/v2\/media?parent=1100"}],"curies":[{"name":"wp","href":"https:\/\/api.w.org\/{rel}","templated":true}]}}