{"id":1136,"date":"2023-07-28T08:59:52","date_gmt":"2023-07-28T08:59:52","guid":{"rendered":"https:\/\/maisonmatilda.com\/ofertas-y-eventos\/incontri-di-lavoro\/"},"modified":"2023-09-25T10:01:39","modified_gmt":"2023-09-25T10:01:39","slug":"reuniones-de-negocios","status":"publish","type":"page","link":"https:\/\/maisonmatilda.com\/es\/ofertas-y-eventos\/reuniones-de-negocios\/","title":{"rendered":"Reuniones de negocios"},"content":{"rendered":"\t\t<div data-elementor-type=\"wp-page\" data-elementor-id=\"1136\" class=\"elementor elementor-1136 elementor-100\">\n\t\t\t\t\t\t\t\t\t<section class=\"has_eae_slider elementor-section elementor-top-section elementor-element elementor-element-adc7c8f elementor-section-boxed elementor-section-height-default elementor-section-height-default\" data-id=\"adc7c8f\" data-element_type=\"section\">\n\t\t\t\t\t\t<div class=\"elementor-container elementor-column-gap-default\">\n\t\t\t\t\t<div class=\"has_eae_slider elementor-column elementor-col-100 elementor-top-column elementor-element elementor-element-5f999c2\" data-id=\"5f999c2\" data-element_type=\"column\">\n\t\t\t<div class=\"elementor-widget-wrap elementor-element-populated\">\n\t\t\t\t\t\t\t\t<div class=\"elementor-element elementor-element-2ae7f1f elementor-widget elementor-widget-spacer\" data-id=\"2ae7f1f\" data-element_type=\"widget\" data-widget_type=\"spacer.default\">\n\t\t\t\t<div class=\"elementor-widget-container\">\n\t\t\t<style>\/*! elementor - v3.16.0 - 09-10-2023 *\/\n.elementor-column .elementor-spacer-inner{height:var(--spacer-size)}.e-con{--container-widget-width:100%}.e-con-inner>.elementor-widget-spacer,.e-con>.elementor-widget-spacer{width:var(--container-widget-width,var(--spacer-size));--align-self:var(--container-widget-align-self,initial);--flex-shrink:0}.e-con-inner>.elementor-widget-spacer>.elementor-widget-container,.e-con>.elementor-widget-spacer>.elementor-widget-container{height:100%;width:100%}.e-con-inner>.elementor-widget-spacer>.elementor-widget-container>.elementor-spacer,.e-con>.elementor-widget-spacer>.elementor-widget-container>.elementor-spacer{height:100%}.e-con-inner>.elementor-widget-spacer>.elementor-widget-container>.elementor-spacer>.elementor-spacer-inner,.e-con>.elementor-widget-spacer>.elementor-widget-container>.elementor-spacer>.elementor-spacer-inner{height:var(--container-widget-height,var(--spacer-size))}.e-con-inner>.elementor-widget-spacer.elementor-widget-empty,.e-con>.elementor-widget-spacer.elementor-widget-empty{position:relative;min-height:22px;min-width:22px}.e-con-inner>.elementor-widget-spacer.elementor-widget-empty .elementor-widget-empty-icon,.e-con>.elementor-widget-spacer.elementor-widget-empty .elementor-widget-empty-icon{position:absolute;top:0;bottom:0;left:0;right:0;margin:auto;padding:0;width:22px;height:22px}<\/style>\t\t<div class=\"elementor-spacer\">\n\t\t\t<div class=\"elementor-spacer-inner\"><\/div>\n\t\t<\/div>\n\t\t\t\t<\/div>\n\t\t\t\t<\/div>\n\t\t\t\t<div class=\"elementor-element elementor-element-940851e elementor-widget elementor-widget-spacer\" data-id=\"940851e\" data-element_type=\"widget\" data-widget_type=\"spacer.default\">\n\t\t\t\t<div class=\"elementor-widget-container\">\n\t\t\t\t\t<div class=\"elementor-spacer\">\n\t\t\t<div class=\"elementor-spacer-inner\"><\/div>\n\t\t<\/div>\n\t\t\t\t<\/div>\n\t\t\t\t<\/div>\n\t\t\t\t\t<\/div>\n\t\t<\/div>\n\t\t\t\t\t\t\t<\/div>\n\t\t<\/section>\n\t\t\t\t<section class=\"has_eae_slider elementor-section elementor-top-section elementor-element elementor-element-6114da0 intro-elementor elementor-section-boxed elementor-section-height-default elementor-section-height-default\" data-id=\"6114da0\" data-element_type=\"section\">\n\t\t\t\t\t\t<div class=\"elementor-container elementor-column-gap-wider\">\n\t\t\t\t\t<div class=\"has_eae_slider elementor-column elementor-col-50 elementor-top-column elementor-element elementor-element-ad02c12 animated-slow elementor-invisible\" data-id=\"ad02c12\" data-element_type=\"column\" data-settings=\"{&quot;background_background&quot;:&quot;classic&quot;,&quot;animation&quot;:&quot;fadeInUp&quot;}\">\n\t\t\t<div class=\"elementor-widget-wrap elementor-element-populated\">\n\t\t\t\t\t\t\t\t<div class=\"elementor-element elementor-element-e235bc5 elementor-widget elementor-widget-spacer\" data-id=\"e235bc5\" data-element_type=\"widget\" data-widget_type=\"spacer.default\">\n\t\t\t\t<div class=\"elementor-widget-container\">\n\t\t\t\t\t<div class=\"elementor-spacer\">\n\t\t\t<div class=\"elementor-spacer-inner\"><\/div>\n\t\t<\/div>\n\t\t\t\t<\/div>\n\t\t\t\t<\/div>\n\t\t\t\t<div class=\"elementor-element elementor-element-834ad34 elementor-widget elementor-widget-spacer\" data-id=\"834ad34\" data-element_type=\"widget\" data-widget_type=\"spacer.default\">\n\t\t\t\t<div class=\"elementor-widget-container\">\n\t\t\t\t\t<div class=\"elementor-spacer\">\n\t\t\t<div class=\"elementor-spacer-inner\"><\/div>\n\t\t<\/div>\n\t\t\t\t<\/div>\n\t\t\t\t<\/div>\n\t\t\t\t\t<\/div>\n\t\t<\/div>\n\t\t\t\t<div class=\"has_eae_slider elementor-column elementor-col-50 elementor-top-column elementor-element elementor-element-903c7bb\" data-id=\"903c7bb\" data-element_type=\"column\">\n\t\t\t<div class=\"elementor-widget-wrap elementor-element-populated\">\n\t\t\t\t\t\t\t\t<div class=\"elementor-element elementor-element-eb38d93 elementor-widget elementor-widget-text-editor\" data-id=\"eb38d93\" data-element_type=\"widget\" data-widget_type=\"text-editor.default\">\n\t\t\t\t<div class=\"elementor-widget-container\">\n\t\t\t<style>\/*! elementor - v3.16.0 - 09-10-2023 *\/\n.elementor-widget-text-editor.elementor-drop-cap-view-stacked .elementor-drop-cap{background-color:#69727d;color:#fff}.elementor-widget-text-editor.elementor-drop-cap-view-framed .elementor-drop-cap{color:#69727d;border:3px solid;background-color:transparent}.elementor-widget-text-editor:not(.elementor-drop-cap-view-default) .elementor-drop-cap{margin-top:8px}.elementor-widget-text-editor:not(.elementor-drop-cap-view-default) .elementor-drop-cap-letter{width:1em;height:1em}.elementor-widget-text-editor .elementor-drop-cap{float:left;text-align:center;line-height:1;font-size:50px}.elementor-widget-text-editor .elementor-drop-cap-letter{display:inline-block}<\/style>\t\t\t\t<h2>Meet &#038; catch up<\/h2>\t\t\t\t\t\t<\/div>\n\t\t\t\t<\/div>\n\t\t\t\t<div class=\"elementor-element elementor-element-c931518 uppercase elementor-widget elementor-widget-text-editor\" data-id=\"c931518\" data-element_type=\"widget\" data-widget_type=\"text-editor.default\">\n\t\t\t\t<div class=\"elementor-widget-container\">\n\t\t\t\t\t\t\t<p>Maison Matilda puede organizar meet &amp; catch up en Treviso. Nuestra estructura es ideal para sus\u00a0reuniones de negocios o de diversi\u00f3n. Ofrecemos un entorno elegante e informal a la vez, que se puede adaptar a las necesidades de los hu\u00e9spedes.<\/p><p>Cuidamos la atenci\u00f3n a los hu\u00e9spedes tambi\u00e9n en las\u00a0zonas comunes.\u00a0En Maison Matilda, hay:<\/p><ul><li>dos salones de desayuno<\/li><li>una sala de estar relajante<\/li><li>una zona de trabajo<\/li><li>una acogedora terraza con vistas al patio y un hermoso jard\u00edn interior.<\/li><\/ul>\t\t\t\t\t\t<\/div>\n\t\t\t\t<\/div>\n\t\t\t\t\t<\/div>\n\t\t<\/div>\n\t\t\t\t\t\t\t<\/div>\n\t\t<\/section>\n\t\t\t\t<section class=\"has_eae_slider elementor-section elementor-top-section elementor-element elementor-element-1c7a9e9 elementor-section-boxed elementor-section-height-default elementor-section-height-default\" data-id=\"1c7a9e9\" data-element_type=\"section\">\n\t\t\t\t\t\t<div class=\"elementor-container elementor-column-gap-default\">\n\t\t\t\t\t<div class=\"has_eae_slider elementor-column elementor-col-100 elementor-top-column elementor-element elementor-element-3e21d8d\" data-id=\"3e21d8d\" data-element_type=\"column\">\n\t\t\t<div class=\"elementor-widget-wrap elementor-element-populated\">\n\t\t\t\t\t\t\t\t<div class=\"elementor-element elementor-element-975a7ff elementor-widget elementor-widget-spacer\" data-id=\"975a7ff\" data-element_type=\"widget\" data-widget_type=\"spacer.default\">\n\t\t\t\t<div class=\"elementor-widget-container\">\n\t\t\t\t\t<div class=\"elementor-spacer\">\n\t\t\t<div class=\"elementor-spacer-inner\"><\/div>\n\t\t<\/div>\n\t\t\t\t<\/div>\n\t\t\t\t<\/div>\n\t\t\t\t\t<\/div>\n\t\t<\/div>\n\t\t\t\t\t\t\t<\/div>\n\t\t<\/section>\n\t\t\t\t<section class=\"has_eae_slider elementor-section elementor-top-section elementor-element elementor-element-4aadf00 elementor-section-full_width elementor-section-stretched become-full-elementor elementor-section-height-default elementor-section-height-default\" data-id=\"4aadf00\" data-element_type=\"section\" data-settings=\"{&quot;stretch_section&quot;:&quot;section-stretched&quot;}\">\n\t\t\t\t\t\t<div class=\"elementor-container elementor-column-gap-default\">\n\t\t\t\t\t<div class=\"has_eae_slider elementor-column elementor-col-100 elementor-top-column elementor-element elementor-element-5448935\" data-id=\"5448935\" data-element_type=\"column\">\n\t\t\t<div class=\"elementor-widget-wrap elementor-element-populated\">\n\t\t\t\t\t\t\t\t<div class=\"elementor-element elementor-element-7f5dbea elementor-invisible elementor-widget elementor-widget-image\" data-id=\"7f5dbea\" data-element_type=\"widget\" data-settings=\"{&quot;_animation&quot;:&quot;zoomIn&quot;}\" data-widget_type=\"image.default\">\n\t\t\t\t<div class=\"elementor-widget-container\">\n\t\t\t<style>\/*! elementor - v3.16.0 - 09-10-2023 *\/\n.elementor-widget-image{text-align:center}.elementor-widget-image a{display:inline-block}.elementor-widget-image a img[src$=\".svg\"]{width:48px}.elementor-widget-image img{vertical-align:middle;display:inline-block}<\/style>\t\t\t\t\t\t\t\t\t\t\t\t<img loading=\"lazy\" decoding=\"async\" width=\"1024\" height=\"768\" src=\"https:\/\/maisonmatilda.com\/wp-content\/uploads\/2023\/08\/living-maison-matilda-1024x768.jpg\" class=\"attachment-large size-large wp-image-861\" alt=\"Area living - Maison Matilda\" srcset=\"https:\/\/maisonmatilda.com\/wp-content\/uploads\/2023\/08\/living-maison-matilda-1024x768.jpg 1024w, https:\/\/maisonmatilda.com\/wp-content\/uploads\/2023\/08\/living-maison-matilda-300x225.jpg 300w, https:\/\/maisonmatilda.com\/wp-content\/uploads\/2023\/08\/living-maison-matilda-768x576.jpg 768w, https:\/\/maisonmatilda.com\/wp-content\/uploads\/2023\/08\/living-maison-matilda-1536x1152.jpg 1536w, https:\/\/maisonmatilda.com\/wp-content\/uploads\/2023\/08\/living-maison-matilda.jpg 1920w\" sizes=\"auto, (max-width: 1024px) 100vw, 1024px\" \/>\t\t\t\t\t\t\t\t\t\t\t\t\t\t\t<\/div>\n\t\t\t\t<\/div>\n\t\t\t\t\t<\/div>\n\t\t<\/div>\n\t\t\t\t\t\t\t<\/div>\n\t\t<\/section>\n\t\t\t\t<section class=\"has_eae_slider elementor-section elementor-top-section elementor-element elementor-element-1001b6e elementor-section-boxed elementor-section-height-default elementor-section-height-default\" data-id=\"1001b6e\" data-element_type=\"section\">\n\t\t\t\t\t\t<div class=\"elementor-container elementor-column-gap-default\">\n\t\t\t\t\t<div class=\"has_eae_slider elementor-column elementor-col-100 elementor-top-column elementor-element elementor-element-507109e\" data-id=\"507109e\" data-element_type=\"column\">\n\t\t\t<div class=\"elementor-widget-wrap elementor-element-populated\">\n\t\t\t\t\t\t\t\t<div class=\"elementor-element elementor-element-9cea0db elementor-widget elementor-widget-spacer\" data-id=\"9cea0db\" data-element_type=\"widget\" data-widget_type=\"spacer.default\">\n\t\t\t\t<div class=\"elementor-widget-container\">\n\t\t\t\t\t<div class=\"elementor-spacer\">\n\t\t\t<div class=\"elementor-spacer-inner\"><\/div>\n\t\t<\/div>\n\t\t\t\t<\/div>\n\t\t\t\t<\/div>\n\t\t\t\t\t<\/div>\n\t\t<\/div>\n\t\t\t\t\t\t\t<\/div>\n\t\t<\/section>\n\t\t\t\t\t\t\t<\/div>\n\t\t","protected":false},"excerpt":{"rendered":"<p>Meet &#038; catch up Maison Matilda puede organizar meet &amp; catch up en Treviso. Nuestra estructura es ideal para sus\u00a0reuniones de negocios o de diversi\u00f3n. Ofrecemos un entorno elegante e informal a la vez, que se puede adaptar a las necesidades de los hu\u00e9spedes. Cuidamos la atenci\u00f3n a los hu\u00e9spedes tambi\u00e9n en las\u00a0zonas comunes.\u00a0En Maison [&hellip;]<\/p>\n","protected":false},"author":3,"featured_media":1204,"parent":1110,"menu_order":0,"comment_status":"closed","ping_status":"closed","template":"","meta":{"footnotes":""},"class_list":["post-1136","page","type-page","status-publish","has-post-thumbnail","hentry"],"acf":[],"yoast_head":"<!-- This site is optimized with the Yoast SEO plugin v21.3 - https:\/\/yoast.com\/wordpress\/plugins\/seo\/ -->\n<title>Reuniones de negocios - Maison Matilda<\/title>\n<meta name=\"robots\" content=\"index, follow, max-snippet:-1, max-image-preview:large, max-video-preview:-1\" \/>\n<link rel=\"canonical\" href=\"https:\/\/maisonmatilda.com\/offerte-ed-eventi\/incontri-di-lavoro\/\" \/>\n<meta property=\"og:locale\" content=\"es_ES\" \/>\n<meta property=\"og:type\" content=\"article\" \/>\n<meta property=\"og:title\" content=\"Reuniones de negocios - Maison Matilda\" \/>\n<meta property=\"og:description\" content=\"Meet &#038; catch up Maison Matilda puede organizar meet &amp; catch up en Treviso. Nuestra estructura es ideal para sus\u00a0reuniones de negocios o de diversi\u00f3n. Ofrecemos un entorno elegante e informal a la vez, que se puede adaptar a las necesidades de los hu\u00e9spedes. Cuidamos la atenci\u00f3n a los hu\u00e9spedes tambi\u00e9n en las\u00a0zonas comunes.\u00a0En Maison [&hellip;]\" \/>\n<meta property=\"og:url\" content=\"https:\/\/maisonmatilda.com\/offerte-ed-eventi\/incontri-di-lavoro\/\" \/>\n<meta property=\"og:site_name\" content=\"Maison Matilda\" \/>\n<meta property=\"article:modified_time\" content=\"2023-09-25T10:01:39+00:00\" \/>\n<meta property=\"og:image\" content=\"https:\/\/maisonmatilda.com\/wp-content\/uploads\/2023\/09\/incontri-lavoro-maison-matilda.jpg\" \/>\n\t<meta property=\"og:image:width\" content=\"1080\" \/>\n\t<meta property=\"og:image:height\" content=\"1350\" \/>\n\t<meta property=\"og:image:type\" content=\"image\/jpeg\" \/>\n<meta name=\"twitter:card\" content=\"summary_large_image\" \/>\n<meta name=\"twitter:label1\" content=\"Tiempo de lectura\" \/>\n\t<meta name=\"twitter:data1\" content=\"1 minuto\" \/>\n<script type=\"application\/ld+json\" class=\"yoast-schema-graph\">{\"@context\":\"https:\/\/schema.org\",\"@graph\":[{\"@type\":\"WebPage\",\"@id\":\"https:\/\/maisonmatilda.com\/offerte-ed-eventi\/incontri-di-lavoro\/\",\"url\":\"https:\/\/maisonmatilda.com\/offerte-ed-eventi\/incontri-di-lavoro\/\",\"name\":\"Reuniones de negocios - Maison Matilda\",\"isPartOf\":{\"@id\":\"https:\/\/maisonmatilda.com\/#website\"},\"datePublished\":\"2023-07-28T08:59:52+00:00\",\"dateModified\":\"2023-09-25T10:01:39+00:00\",\"breadcrumb\":{\"@id\":\"https:\/\/maisonmatilda.com\/offerte-ed-eventi\/incontri-di-lavoro\/#breadcrumb\"},\"inLanguage\":\"es\",\"potentialAction\":[{\"@type\":\"ReadAction\",\"target\":[\"https:\/\/maisonmatilda.com\/offerte-ed-eventi\/incontri-di-lavoro\/\"]}]},{\"@type\":\"BreadcrumbList\",\"@id\":\"https:\/\/maisonmatilda.com\/offerte-ed-eventi\/incontri-di-lavoro\/#breadcrumb\",\"itemListElement\":[{\"@type\":\"ListItem\",\"position\":1,\"name\":\"Home\",\"item\":\"https:\/\/maisonmatilda.com\/es\/\"},{\"@type\":\"ListItem\",\"position\":2,\"name\":\"Ofertas y Eventos\",\"item\":\"https:\/\/maisonmatilda.com\/offerte-ed-eventi\/\"},{\"@type\":\"ListItem\",\"position\":3,\"name\":\"Reuniones de negocios\"}]},{\"@type\":\"WebSite\",\"@id\":\"https:\/\/maisonmatilda.com\/#website\",\"url\":\"https:\/\/maisonmatilda.com\/\",\"name\":\"Maison Matilda\",\"description\":\"\",\"publisher\":{\"@id\":\"https:\/\/maisonmatilda.com\/#organization\"},\"potentialAction\":[{\"@type\":\"SearchAction\",\"target\":{\"@type\":\"EntryPoint\",\"urlTemplate\":\"https:\/\/maisonmatilda.com\/?s={search_term_string}\"},\"query-input\":\"required name=search_term_string\"}],\"inLanguage\":\"es\"},{\"@type\":\"Organization\",\"@id\":\"https:\/\/maisonmatilda.com\/#organization\",\"name\":\"Maison Matilda\",\"url\":\"https:\/\/maisonmatilda.com\/\",\"logo\":{\"@type\":\"ImageObject\",\"inLanguage\":\"es\",\"@id\":\"https:\/\/maisonmatilda.com\/#\/schema\/logo\/image\/\",\"url\":\"https:\/\/maisonmatilda.com\/wp-content\/uploads\/2023\/07\/maison-matilda-fav.jpg\",\"contentUrl\":\"https:\/\/maisonmatilda.com\/wp-content\/uploads\/2023\/07\/maison-matilda-fav.jpg\",\"width\":512,\"height\":516,\"caption\":\"Maison Matilda\"},\"image\":{\"@id\":\"https:\/\/maisonmatilda.com\/#\/schema\/logo\/image\/\"}}]}<\/script>\n<!-- \/ Yoast SEO plugin. -->","yoast_head_json":{"title":"Reuniones de negocios - Maison Matilda","robots":{"index":"index","follow":"follow","max-snippet":"max-snippet:-1","max-image-preview":"max-image-preview:large","max-video-preview":"max-video-preview:-1"},"canonical":"https:\/\/maisonmatilda.com\/offerte-ed-eventi\/incontri-di-lavoro\/","og_locale":"es_ES","og_type":"article","og_title":"Reuniones de negocios - Maison Matilda","og_description":"Meet &#038; catch up Maison Matilda puede organizar meet &amp; catch up en Treviso. Nuestra estructura es ideal para sus\u00a0reuniones de negocios o de diversi\u00f3n. Ofrecemos un entorno elegante e informal a la vez, que se puede adaptar a las necesidades de los hu\u00e9spedes. Cuidamos la atenci\u00f3n a los hu\u00e9spedes tambi\u00e9n en las\u00a0zonas comunes.\u00a0En Maison [&hellip;]","og_url":"https:\/\/maisonmatilda.com\/offerte-ed-eventi\/incontri-di-lavoro\/","og_site_name":"Maison Matilda","article_modified_time":"2023-09-25T10:01:39+00:00","og_image":[{"width":1080,"height":1350,"url":"https:\/\/maisonmatilda.com\/wp-content\/uploads\/2023\/09\/incontri-lavoro-maison-matilda.jpg","type":"image\/jpeg"}],"twitter_card":"summary_large_image","twitter_misc":{"Tiempo de lectura":"1 minuto"},"schema":{"@context":"https:\/\/schema.org","@graph":[{"@type":"WebPage","@id":"https:\/\/maisonmatilda.com\/offerte-ed-eventi\/incontri-di-lavoro\/","url":"https:\/\/maisonmatilda.com\/offerte-ed-eventi\/incontri-di-lavoro\/","name":"Reuniones de negocios - Maison Matilda","isPartOf":{"@id":"https:\/\/maisonmatilda.com\/#website"},"datePublished":"2023-07-28T08:59:52+00:00","dateModified":"2023-09-25T10:01:39+00:00","breadcrumb":{"@id":"https:\/\/maisonmatilda.com\/offerte-ed-eventi\/incontri-di-lavoro\/#breadcrumb"},"inLanguage":"es","potentialAction":[{"@type":"ReadAction","target":["https:\/\/maisonmatilda.com\/offerte-ed-eventi\/incontri-di-lavoro\/"]}]},{"@type":"BreadcrumbList","@id":"https:\/\/maisonmatilda.com\/offerte-ed-eventi\/incontri-di-lavoro\/#breadcrumb","itemListElement":[{"@type":"ListItem","position":1,"name":"Home","item":"https:\/\/maisonmatilda.com\/es\/"},{"@type":"ListItem","position":2,"name":"Ofertas y Eventos","item":"https:\/\/maisonmatilda.com\/offerte-ed-eventi\/"},{"@type":"ListItem","position":3,"name":"Reuniones de negocios"}]},{"@type":"WebSite","@id":"https:\/\/maisonmatilda.com\/#website","url":"https:\/\/maisonmatilda.com\/","name":"Maison Matilda","description":"","publisher":{"@id":"https:\/\/maisonmatilda.com\/#organization"},"potentialAction":[{"@type":"SearchAction","target":{"@type":"EntryPoint","urlTemplate":"https:\/\/maisonmatilda.com\/?s={search_term_string}"},"query-input":"required name=search_term_string"}],"inLanguage":"es"},{"@type":"Organization","@id":"https:\/\/maisonmatilda.com\/#organization","name":"Maison Matilda","url":"https:\/\/maisonmatilda.com\/","logo":{"@type":"ImageObject","inLanguage":"es","@id":"https:\/\/maisonmatilda.com\/#\/schema\/logo\/image\/","url":"https:\/\/maisonmatilda.com\/wp-content\/uploads\/2023\/07\/maison-matilda-fav.jpg","contentUrl":"https:\/\/maisonmatilda.com\/wp-content\/uploads\/2023\/07\/maison-matilda-fav.jpg","width":512,"height":516,"caption":"Maison Matilda"},"image":{"@id":"https:\/\/maisonmatilda.com\/#\/schema\/logo\/image\/"}}]}},"_links":{"self":[{"href":"https:\/\/maisonmatilda.com\/es\/wp-json\/wp\/v2\/pages\/1136","targetHints":{"allow":["GET"]}}],"collection":[{"href":"https:\/\/maisonmatilda.com\/es\/wp-json\/wp\/v2\/pages"}],"about":[{"href":"https:\/\/maisonmatilda.com\/es\/wp-json\/wp\/v2\/types\/page"}],"author":[{"embeddable":true,"href":"https:\/\/maisonmatilda.com\/es\/wp-json\/wp\/v2\/users\/3"}],"replies":[{"embeddable":true,"href":"https:\/\/maisonmatilda.com\/es\/wp-json\/wp\/v2\/comments?post=1136"}],"version-history":[{"count":10,"href":"https:\/\/maisonmatilda.com\/es\/wp-json\/wp\/v2\/pages\/1136\/revisions"}],"predecessor-version":[{"id":1227,"href":"https:\/\/maisonmatilda.com\/es\/wp-json\/wp\/v2\/pages\/1136\/revisions\/1227"}],"up":[{"embeddable":true,"href":"https:\/\/maisonmatilda.com\/es\/wp-json\/wp\/v2\/pages\/1110"}],"wp:featuredmedia":[{"embeddable":true,"href":"https:\/\/maisonmatilda.com\/es\/wp-json\/wp\/v2\/media\/1204"}],"wp:attachment":[{"href":"https:\/\/maisonmatilda.com\/es\/wp-json\/wp\/v2\/media?parent=1136"}],"curies":[{"name":"wp","href":"https:\/\/api.w.org\/{rel}","templated":true}]}}