{"id":1146,"date":"2023-07-28T08:58:17","date_gmt":"2023-07-28T08:58:17","guid":{"rendered":"https:\/\/maisonmatilda.com\/ofertas-y-eventos\/offerte-estive\/"},"modified":"2023-08-24T08:47:10","modified_gmt":"2023-08-24T08:47:10","slug":"ofertas-de-verano","status":"publish","type":"page","link":"https:\/\/maisonmatilda.com\/es\/ofertas-y-eventos\/ofertas-de-verano\/","title":{"rendered":"Ofertas de verano"},"content":{"rendered":"\t\t<div data-elementor-type=\"wp-page\" data-elementor-id=\"1146\" class=\"elementor elementor-1146 elementor-96\">\n\t\t\t\t\t\t\t\t\t<section class=\"has_eae_slider elementor-section elementor-top-section elementor-element elementor-element-cb3905a elementor-section-boxed elementor-section-height-default elementor-section-height-default\" data-id=\"cb3905a\" data-element_type=\"section\">\n\t\t\t\t\t\t<div class=\"elementor-container elementor-column-gap-default\">\n\t\t\t\t\t<div class=\"has_eae_slider elementor-column elementor-col-100 elementor-top-column elementor-element elementor-element-a426664\" data-id=\"a426664\" data-element_type=\"column\">\n\t\t\t<div class=\"elementor-widget-wrap elementor-element-populated\">\n\t\t\t\t\t\t\t\t<div class=\"elementor-element elementor-element-3b3399e elementor-widget elementor-widget-spacer\" data-id=\"3b3399e\" data-element_type=\"widget\" data-widget_type=\"spacer.default\">\n\t\t\t\t<div class=\"elementor-widget-container\">\n\t\t\t<style>\/*! elementor - v3.16.0 - 09-10-2023 *\/\n.elementor-column .elementor-spacer-inner{height:var(--spacer-size)}.e-con{--container-widget-width:100%}.e-con-inner>.elementor-widget-spacer,.e-con>.elementor-widget-spacer{width:var(--container-widget-width,var(--spacer-size));--align-self:var(--container-widget-align-self,initial);--flex-shrink:0}.e-con-inner>.elementor-widget-spacer>.elementor-widget-container,.e-con>.elementor-widget-spacer>.elementor-widget-container{height:100%;width:100%}.e-con-inner>.elementor-widget-spacer>.elementor-widget-container>.elementor-spacer,.e-con>.elementor-widget-spacer>.elementor-widget-container>.elementor-spacer{height:100%}.e-con-inner>.elementor-widget-spacer>.elementor-widget-container>.elementor-spacer>.elementor-spacer-inner,.e-con>.elementor-widget-spacer>.elementor-widget-container>.elementor-spacer>.elementor-spacer-inner{height:var(--container-widget-height,var(--spacer-size))}.e-con-inner>.elementor-widget-spacer.elementor-widget-empty,.e-con>.elementor-widget-spacer.elementor-widget-empty{position:relative;min-height:22px;min-width:22px}.e-con-inner>.elementor-widget-spacer.elementor-widget-empty .elementor-widget-empty-icon,.e-con>.elementor-widget-spacer.elementor-widget-empty .elementor-widget-empty-icon{position:absolute;top:0;bottom:0;left:0;right:0;margin:auto;padding:0;width:22px;height:22px}<\/style>\t\t<div class=\"elementor-spacer\">\n\t\t\t<div class=\"elementor-spacer-inner\"><\/div>\n\t\t<\/div>\n\t\t\t\t<\/div>\n\t\t\t\t<\/div>\n\t\t\t\t\t<\/div>\n\t\t<\/div>\n\t\t\t\t\t\t\t<\/div>\n\t\t<\/section>\n\t\t\t\t<section class=\"has_eae_slider elementor-section elementor-top-section elementor-element elementor-element-bab4992 elementor-section-boxed elementor-section-height-default elementor-section-height-default\" data-id=\"bab4992\" data-element_type=\"section\">\n\t\t\t\t\t\t<div class=\"elementor-container elementor-column-gap-default\">\n\t\t\t\t\t<div class=\"has_eae_slider elementor-column elementor-col-100 elementor-top-column elementor-element elementor-element-c787000\" data-id=\"c787000\" data-element_type=\"column\">\n\t\t\t<div class=\"elementor-widget-wrap elementor-element-populated\">\n\t\t\t\t\t\t\t\t<div class=\"elementor-element elementor-element-3964648 elementor-widget elementor-widget-spacer\" data-id=\"3964648\" data-element_type=\"widget\" data-widget_type=\"spacer.default\">\n\t\t\t\t<div class=\"elementor-widget-container\">\n\t\t\t\t\t<div class=\"elementor-spacer\">\n\t\t\t<div class=\"elementor-spacer-inner\"><\/div>\n\t\t<\/div>\n\t\t\t\t<\/div>\n\t\t\t\t<\/div>\n\t\t\t\t\t<\/div>\n\t\t<\/div>\n\t\t\t\t\t\t\t<\/div>\n\t\t<\/section>\n\t\t\t\t<section class=\"has_eae_slider elementor-section elementor-top-section elementor-element elementor-element-c8fb05f intro-elementor elementor-section-boxed elementor-section-height-default elementor-section-height-default\" data-id=\"c8fb05f\" data-element_type=\"section\">\n\t\t\t\t\t\t<div class=\"elementor-container elementor-column-gap-wider\">\n\t\t\t\t\t<div class=\"has_eae_slider elementor-column elementor-col-50 elementor-top-column elementor-element elementor-element-911c574 animated-slow elementor-invisible\" data-id=\"911c574\" data-element_type=\"column\" data-settings=\"{&quot;background_background&quot;:&quot;classic&quot;,&quot;animation&quot;:&quot;fadeInUp&quot;}\">\n\t\t\t<div class=\"elementor-widget-wrap elementor-element-populated\">\n\t\t\t\t\t\t\t\t<div class=\"elementor-element elementor-element-bfcc6b8 elementor-widget elementor-widget-spacer\" data-id=\"bfcc6b8\" data-element_type=\"widget\" data-widget_type=\"spacer.default\">\n\t\t\t\t<div class=\"elementor-widget-container\">\n\t\t\t\t\t<div class=\"elementor-spacer\">\n\t\t\t<div class=\"elementor-spacer-inner\"><\/div>\n\t\t<\/div>\n\t\t\t\t<\/div>\n\t\t\t\t<\/div>\n\t\t\t\t\t<\/div>\n\t\t<\/div>\n\t\t\t\t<div class=\"has_eae_slider elementor-column elementor-col-50 elementor-top-column elementor-element elementor-element-c50efb9\" data-id=\"c50efb9\" data-element_type=\"column\">\n\t\t\t<div class=\"elementor-widget-wrap elementor-element-populated\">\n\t\t\t\t\t\t\t\t<div class=\"elementor-element elementor-element-e12b46a elementor-widget elementor-widget-text-editor\" data-id=\"e12b46a\" data-element_type=\"widget\" data-widget_type=\"text-editor.default\">\n\t\t\t\t<div class=\"elementor-widget-container\">\n\t\t\t<style>\/*! elementor - v3.16.0 - 09-10-2023 *\/\n.elementor-widget-text-editor.elementor-drop-cap-view-stacked .elementor-drop-cap{background-color:#69727d;color:#fff}.elementor-widget-text-editor.elementor-drop-cap-view-framed .elementor-drop-cap{color:#69727d;border:3px solid;background-color:transparent}.elementor-widget-text-editor:not(.elementor-drop-cap-view-default) .elementor-drop-cap{margin-top:8px}.elementor-widget-text-editor:not(.elementor-drop-cap-view-default) .elementor-drop-cap-letter{width:1em;height:1em}.elementor-widget-text-editor .elementor-drop-cap{float:left;text-align:center;line-height:1;font-size:50px}.elementor-widget-text-editor .elementor-drop-cap-letter{display:inline-block}<\/style>\t\t\t\t<h2>Ofertas y paquetes<\/h2>\t\t\t\t\t\t<\/div>\n\t\t\t\t<\/div>\n\t\t\t\t<div class=\"elementor-element elementor-element-faada6d uppercase elementor-widget elementor-widget-text-editor\" data-id=\"faada6d\" data-element_type=\"widget\" data-widget_type=\"text-editor.default\">\n\t\t\t\t<div class=\"elementor-widget-container\">\n\t\t\t\t\t\t\t<p>Maison Matilda, tu hotel boutique en Treviso, en el coraz\u00f3n de nuestra hermosa ciudad, pone peri\u00f3dicamente a disposici\u00f3n de los clientes ofertas y paquetes, as\u00ed como propuestas espec\u00edficas.\u00a0Ponte en contacto con nosotros\u00a0para obtener m\u00e1s informaci\u00f3n.<\/p><p>Tambi\u00e9n es posible llegar a acuerdos para que traigan y sirvan la cena a los hu\u00e9spedes, directamente en nuestras instalaciones. Garantizamos soluciones profesionales, basadas en tus necesidades.<\/p>\t\t\t\t\t\t<\/div>\n\t\t\t\t<\/div>\n\t\t\t\t\t<\/div>\n\t\t<\/div>\n\t\t\t\t\t\t\t<\/div>\n\t\t<\/section>\n\t\t\t\t<section class=\"has_eae_slider elementor-section elementor-top-section elementor-element elementor-element-0cda4f6 elementor-section-boxed elementor-section-height-default elementor-section-height-default\" data-id=\"0cda4f6\" data-element_type=\"section\">\n\t\t\t\t\t\t<div class=\"elementor-container elementor-column-gap-default\">\n\t\t\t\t\t<div class=\"has_eae_slider elementor-column elementor-col-100 elementor-top-column elementor-element elementor-element-60bb6dd\" data-id=\"60bb6dd\" data-element_type=\"column\">\n\t\t\t<div class=\"elementor-widget-wrap elementor-element-populated\">\n\t\t\t\t\t\t\t\t<div class=\"elementor-element elementor-element-fbc5712 elementor-widget elementor-widget-spacer\" data-id=\"fbc5712\" data-element_type=\"widget\" data-widget_type=\"spacer.default\">\n\t\t\t\t<div class=\"elementor-widget-container\">\n\t\t\t\t\t<div class=\"elementor-spacer\">\n\t\t\t<div class=\"elementor-spacer-inner\"><\/div>\n\t\t<\/div>\n\t\t\t\t<\/div>\n\t\t\t\t<\/div>\n\t\t\t\t\t<\/div>\n\t\t<\/div>\n\t\t\t\t\t\t\t<\/div>\n\t\t<\/section>\n\t\t\t\t<section class=\"has_eae_slider elementor-section elementor-top-section elementor-element elementor-element-2a604d2 elementor-section-full_width elementor-section-stretched become-full-elementor elementor-section-height-default elementor-section-height-default\" data-id=\"2a604d2\" data-element_type=\"section\" data-settings=\"{&quot;stretch_section&quot;:&quot;section-stretched&quot;}\">\n\t\t\t\t\t\t<div class=\"elementor-container elementor-column-gap-default\">\n\t\t\t\t\t<div class=\"has_eae_slider elementor-column elementor-col-100 elementor-top-column elementor-element elementor-element-7cfb511\" data-id=\"7cfb511\" data-element_type=\"column\">\n\t\t\t<div class=\"elementor-widget-wrap elementor-element-populated\">\n\t\t\t\t\t\t\t\t<div class=\"elementor-element elementor-element-31ce0ec elementor-invisible elementor-widget elementor-widget-image\" data-id=\"31ce0ec\" data-element_type=\"widget\" data-settings=\"{&quot;_animation&quot;:&quot;zoomIn&quot;}\" data-widget_type=\"image.default\">\n\t\t\t\t<div class=\"elementor-widget-container\">\n\t\t\t<style>\/*! elementor - v3.16.0 - 09-10-2023 *\/\n.elementor-widget-image{text-align:center}.elementor-widget-image a{display:inline-block}.elementor-widget-image a img[src$=\".svg\"]{width:48px}.elementor-widget-image img{vertical-align:middle;display:inline-block}<\/style>\t\t\t\t\t\t\t\t\t\t\t\t<img loading=\"lazy\" decoding=\"async\" width=\"1024\" height=\"768\" src=\"https:\/\/maisonmatilda.com\/wp-content\/uploads\/2023\/08\/offerte-maison-matilda-1024x768.jpg\" class=\"attachment-large size-large wp-image-852\" alt=\"Ingresso - Maison Matilda\" srcset=\"https:\/\/maisonmatilda.com\/wp-content\/uploads\/2023\/08\/offerte-maison-matilda-1024x768.jpg 1024w, https:\/\/maisonmatilda.com\/wp-content\/uploads\/2023\/08\/offerte-maison-matilda-300x225.jpg 300w, https:\/\/maisonmatilda.com\/wp-content\/uploads\/2023\/08\/offerte-maison-matilda-768x576.jpg 768w, https:\/\/maisonmatilda.com\/wp-content\/uploads\/2023\/08\/offerte-maison-matilda-1536x1152.jpg 1536w, https:\/\/maisonmatilda.com\/wp-content\/uploads\/2023\/08\/offerte-maison-matilda.jpg 1920w\" sizes=\"auto, (max-width: 1024px) 100vw, 1024px\" \/>\t\t\t\t\t\t\t\t\t\t\t\t\t\t\t<\/div>\n\t\t\t\t<\/div>\n\t\t\t\t\t<\/div>\n\t\t<\/div>\n\t\t\t\t\t\t\t<\/div>\n\t\t<\/section>\n\t\t\t\t<section class=\"has_eae_slider elementor-section elementor-top-section elementor-element elementor-element-b4dd404 elementor-section-boxed elementor-section-height-default elementor-section-height-default\" data-id=\"b4dd404\" data-element_type=\"section\">\n\t\t\t\t\t\t<div class=\"elementor-container elementor-column-gap-default\">\n\t\t\t\t\t<div class=\"has_eae_slider elementor-column elementor-col-100 elementor-top-column elementor-element elementor-element-b4697f4\" data-id=\"b4697f4\" data-element_type=\"column\">\n\t\t\t<div class=\"elementor-widget-wrap elementor-element-populated\">\n\t\t\t\t\t\t\t\t<div class=\"elementor-element elementor-element-f9240de elementor-widget elementor-widget-spacer\" data-id=\"f9240de\" data-element_type=\"widget\" data-widget_type=\"spacer.default\">\n\t\t\t\t<div class=\"elementor-widget-container\">\n\t\t\t\t\t<div class=\"elementor-spacer\">\n\t\t\t<div class=\"elementor-spacer-inner\"><\/div>\n\t\t<\/div>\n\t\t\t\t<\/div>\n\t\t\t\t<\/div>\n\t\t\t\t\t<\/div>\n\t\t<\/div>\n\t\t\t\t\t\t\t<\/div>\n\t\t<\/section>\n\t\t\t\t\t\t\t<\/div>\n\t\t","protected":false},"excerpt":{"rendered":"<p>Ofertas y paquetes Maison Matilda, tu hotel boutique en Treviso, en el coraz\u00f3n de nuestra hermosa ciudad, pone peri\u00f3dicamente a disposici\u00f3n de los clientes ofertas y paquetes, as\u00ed como propuestas espec\u00edficas.\u00a0Ponte en contacto con nosotros\u00a0para obtener m\u00e1s informaci\u00f3n. Tambi\u00e9n es posible llegar a acuerdos para que traigan y sirvan la cena a los hu\u00e9spedes, directamente [&hellip;]<\/p>\n","protected":false},"author":3,"featured_media":781,"parent":1110,"menu_order":0,"comment_status":"closed","ping_status":"closed","template":"","meta":{"footnotes":""},"class_list":["post-1146","page","type-page","status-publish","has-post-thumbnail","hentry"],"acf":[],"yoast_head":"<!-- This site is optimized with the Yoast SEO plugin v21.3 - https:\/\/yoast.com\/wordpress\/plugins\/seo\/ -->\n<title>Ofertas de verano - Maison Matilda<\/title>\n<meta name=\"robots\" content=\"index, follow, max-snippet:-1, max-image-preview:large, max-video-preview:-1\" \/>\n<link rel=\"canonical\" href=\"https:\/\/maisonmatilda.com\/offerte-ed-eventi\/offerte-estive\/\" \/>\n<meta property=\"og:locale\" content=\"es_ES\" \/>\n<meta property=\"og:type\" content=\"article\" \/>\n<meta property=\"og:title\" content=\"Ofertas de verano - Maison Matilda\" \/>\n<meta property=\"og:description\" content=\"Ofertas y paquetes Maison Matilda, tu hotel boutique en Treviso, en el coraz\u00f3n de nuestra hermosa ciudad, pone peri\u00f3dicamente a disposici\u00f3n de los clientes ofertas y paquetes, as\u00ed como propuestas espec\u00edficas.\u00a0Ponte en contacto con nosotros\u00a0para obtener m\u00e1s informaci\u00f3n. Tambi\u00e9n es posible llegar a acuerdos para que traigan y sirvan la cena a los hu\u00e9spedes, directamente [&hellip;]\" \/>\n<meta property=\"og:url\" content=\"https:\/\/maisonmatilda.com\/offerte-ed-eventi\/offerte-estive\/\" \/>\n<meta property=\"og:site_name\" content=\"Maison Matilda\" \/>\n<meta property=\"article:modified_time\" content=\"2023-08-24T08:47:10+00:00\" \/>\n<meta property=\"og:image\" content=\"https:\/\/maisonmatilda.com\/wp-content\/uploads\/2023\/08\/maison-matilda-area-living.jpg\" \/>\n\t<meta property=\"og:image:width\" content=\"1536\" \/>\n\t<meta property=\"og:image:height\" content=\"1920\" \/>\n\t<meta property=\"og:image:type\" content=\"image\/jpeg\" \/>\n<meta name=\"twitter:card\" content=\"summary_large_image\" \/>\n<meta name=\"twitter:label1\" content=\"Tiempo de lectura\" \/>\n\t<meta name=\"twitter:data1\" content=\"1 minuto\" \/>\n<script type=\"application\/ld+json\" class=\"yoast-schema-graph\">{\"@context\":\"https:\/\/schema.org\",\"@graph\":[{\"@type\":\"WebPage\",\"@id\":\"https:\/\/maisonmatilda.com\/offerte-ed-eventi\/offerte-estive\/\",\"url\":\"https:\/\/maisonmatilda.com\/offerte-ed-eventi\/offerte-estive\/\",\"name\":\"Ofertas de verano - Maison Matilda\",\"isPartOf\":{\"@id\":\"https:\/\/maisonmatilda.com\/#website\"},\"datePublished\":\"2023-07-28T08:58:17+00:00\",\"dateModified\":\"2023-08-24T08:47:10+00:00\",\"breadcrumb\":{\"@id\":\"https:\/\/maisonmatilda.com\/offerte-ed-eventi\/offerte-estive\/#breadcrumb\"},\"inLanguage\":\"es\",\"potentialAction\":[{\"@type\":\"ReadAction\",\"target\":[\"https:\/\/maisonmatilda.com\/offerte-ed-eventi\/offerte-estive\/\"]}]},{\"@type\":\"BreadcrumbList\",\"@id\":\"https:\/\/maisonmatilda.com\/offerte-ed-eventi\/offerte-estive\/#breadcrumb\",\"itemListElement\":[{\"@type\":\"ListItem\",\"position\":1,\"name\":\"Home\",\"item\":\"https:\/\/maisonmatilda.com\/es\/\"},{\"@type\":\"ListItem\",\"position\":2,\"name\":\"Ofertas y Eventos\",\"item\":\"https:\/\/maisonmatilda.com\/offerte-ed-eventi\/\"},{\"@type\":\"ListItem\",\"position\":3,\"name\":\"Ofertas de verano\"}]},{\"@type\":\"WebSite\",\"@id\":\"https:\/\/maisonmatilda.com\/#website\",\"url\":\"https:\/\/maisonmatilda.com\/\",\"name\":\"Maison Matilda\",\"description\":\"\",\"publisher\":{\"@id\":\"https:\/\/maisonmatilda.com\/#organization\"},\"potentialAction\":[{\"@type\":\"SearchAction\",\"target\":{\"@type\":\"EntryPoint\",\"urlTemplate\":\"https:\/\/maisonmatilda.com\/?s={search_term_string}\"},\"query-input\":\"required name=search_term_string\"}],\"inLanguage\":\"es\"},{\"@type\":\"Organization\",\"@id\":\"https:\/\/maisonmatilda.com\/#organization\",\"name\":\"Maison Matilda\",\"url\":\"https:\/\/maisonmatilda.com\/\",\"logo\":{\"@type\":\"ImageObject\",\"inLanguage\":\"es\",\"@id\":\"https:\/\/maisonmatilda.com\/#\/schema\/logo\/image\/\",\"url\":\"https:\/\/maisonmatilda.com\/wp-content\/uploads\/2023\/07\/maison-matilda-fav.jpg\",\"contentUrl\":\"https:\/\/maisonmatilda.com\/wp-content\/uploads\/2023\/07\/maison-matilda-fav.jpg\",\"width\":512,\"height\":516,\"caption\":\"Maison Matilda\"},\"image\":{\"@id\":\"https:\/\/maisonmatilda.com\/#\/schema\/logo\/image\/\"}}]}<\/script>\n<!-- \/ Yoast SEO plugin. -->","yoast_head_json":{"title":"Ofertas de verano - Maison Matilda","robots":{"index":"index","follow":"follow","max-snippet":"max-snippet:-1","max-image-preview":"max-image-preview:large","max-video-preview":"max-video-preview:-1"},"canonical":"https:\/\/maisonmatilda.com\/offerte-ed-eventi\/offerte-estive\/","og_locale":"es_ES","og_type":"article","og_title":"Ofertas de verano - Maison Matilda","og_description":"Ofertas y paquetes Maison Matilda, tu hotel boutique en Treviso, en el coraz\u00f3n de nuestra hermosa ciudad, pone peri\u00f3dicamente a disposici\u00f3n de los clientes ofertas y paquetes, as\u00ed como propuestas espec\u00edficas.\u00a0Ponte en contacto con nosotros\u00a0para obtener m\u00e1s informaci\u00f3n. Tambi\u00e9n es posible llegar a acuerdos para que traigan y sirvan la cena a los hu\u00e9spedes, directamente [&hellip;]","og_url":"https:\/\/maisonmatilda.com\/offerte-ed-eventi\/offerte-estive\/","og_site_name":"Maison Matilda","article_modified_time":"2023-08-24T08:47:10+00:00","og_image":[{"width":1536,"height":1920,"url":"https:\/\/maisonmatilda.com\/wp-content\/uploads\/2023\/08\/maison-matilda-area-living.jpg","type":"image\/jpeg"}],"twitter_card":"summary_large_image","twitter_misc":{"Tiempo de lectura":"1 minuto"},"schema":{"@context":"https:\/\/schema.org","@graph":[{"@type":"WebPage","@id":"https:\/\/maisonmatilda.com\/offerte-ed-eventi\/offerte-estive\/","url":"https:\/\/maisonmatilda.com\/offerte-ed-eventi\/offerte-estive\/","name":"Ofertas de verano - Maison Matilda","isPartOf":{"@id":"https:\/\/maisonmatilda.com\/#website"},"datePublished":"2023-07-28T08:58:17+00:00","dateModified":"2023-08-24T08:47:10+00:00","breadcrumb":{"@id":"https:\/\/maisonmatilda.com\/offerte-ed-eventi\/offerte-estive\/#breadcrumb"},"inLanguage":"es","potentialAction":[{"@type":"ReadAction","target":["https:\/\/maisonmatilda.com\/offerte-ed-eventi\/offerte-estive\/"]}]},{"@type":"BreadcrumbList","@id":"https:\/\/maisonmatilda.com\/offerte-ed-eventi\/offerte-estive\/#breadcrumb","itemListElement":[{"@type":"ListItem","position":1,"name":"Home","item":"https:\/\/maisonmatilda.com\/es\/"},{"@type":"ListItem","position":2,"name":"Ofertas y Eventos","item":"https:\/\/maisonmatilda.com\/offerte-ed-eventi\/"},{"@type":"ListItem","position":3,"name":"Ofertas de verano"}]},{"@type":"WebSite","@id":"https:\/\/maisonmatilda.com\/#website","url":"https:\/\/maisonmatilda.com\/","name":"Maison Matilda","description":"","publisher":{"@id":"https:\/\/maisonmatilda.com\/#organization"},"potentialAction":[{"@type":"SearchAction","target":{"@type":"EntryPoint","urlTemplate":"https:\/\/maisonmatilda.com\/?s={search_term_string}"},"query-input":"required name=search_term_string"}],"inLanguage":"es"},{"@type":"Organization","@id":"https:\/\/maisonmatilda.com\/#organization","name":"Maison Matilda","url":"https:\/\/maisonmatilda.com\/","logo":{"@type":"ImageObject","inLanguage":"es","@id":"https:\/\/maisonmatilda.com\/#\/schema\/logo\/image\/","url":"https:\/\/maisonmatilda.com\/wp-content\/uploads\/2023\/07\/maison-matilda-fav.jpg","contentUrl":"https:\/\/maisonmatilda.com\/wp-content\/uploads\/2023\/07\/maison-matilda-fav.jpg","width":512,"height":516,"caption":"Maison Matilda"},"image":{"@id":"https:\/\/maisonmatilda.com\/#\/schema\/logo\/image\/"}}]}},"_links":{"self":[{"href":"https:\/\/maisonmatilda.com\/es\/wp-json\/wp\/v2\/pages\/1146","targetHints":{"allow":["GET"]}}],"collection":[{"href":"https:\/\/maisonmatilda.com\/es\/wp-json\/wp\/v2\/pages"}],"about":[{"href":"https:\/\/maisonmatilda.com\/es\/wp-json\/wp\/v2\/types\/page"}],"author":[{"embeddable":true,"href":"https:\/\/maisonmatilda.com\/es\/wp-json\/wp\/v2\/users\/3"}],"replies":[{"embeddable":true,"href":"https:\/\/maisonmatilda.com\/es\/wp-json\/wp\/v2\/comments?post=1146"}],"version-history":[{"count":4,"href":"https:\/\/maisonmatilda.com\/es\/wp-json\/wp\/v2\/pages\/1146\/revisions"}],"predecessor-version":[{"id":1150,"href":"https:\/\/maisonmatilda.com\/es\/wp-json\/wp\/v2\/pages\/1146\/revisions\/1150"}],"up":[{"embeddable":true,"href":"https:\/\/maisonmatilda.com\/es\/wp-json\/wp\/v2\/pages\/1110"}],"wp:featuredmedia":[{"embeddable":true,"href":"https:\/\/maisonmatilda.com\/es\/wp-json\/wp\/v2\/media\/781"}],"wp:attachment":[{"href":"https:\/\/maisonmatilda.com\/es\/wp-json\/wp\/v2\/media?parent=1146"}],"curies":[{"name":"wp","href":"https:\/\/api.w.org\/{rel}","templated":true}]}}